{"id":1177,"date":"2019-09-25T09:58:54","date_gmt":"2019-09-25T09:58:54","guid":{"rendered":"http:\/\/localhost\/industris\/?page_id=1177"},"modified":"2024-08-15T09:04:48","modified_gmt":"2024-08-15T08:04:48","slug":"home-3","status":"publish","type":"page","link":"https:\/\/penisolagas.it\/en\/","title":{"rendered":"Home"},"content":{"rendered":"<div data-elementor-type=\"wp-page\" data-elementor-id=\"1177\" class=\"elementor elementor-1177\" data-elementor-settings=\"[]\">\n\t\t\t\t\t\t\t<div class=\"elementor-section-wrap\">\n\t\t\t\t\t\t\t<section class=\"elementor-section elementor-top-section elementor-element elementor-element-8c45045 elementor-section-full_width elementor-section-height-default elementor-section-height-default\" data-id=\"8c45045\" data-element_type=\"section\">\n\t\t\t\t\t\t<div class=\"elementor-container elementor-column-gap-default\">\n\t\t\t\t\t<div class=\"elementor-column elementor-col-100 elementor-top-column elementor-element elementor-element-31d6449\" data-id=\"31d6449\" data-element_type=\"column\">\n\t\t\t<div class=\"elementor-widget-wrap elementor-element-populated\">\n\t\t\t\t\t\t\t\t<div class=\"elementor-element elementor-element-a44c4a3 industris--h-position-left industris--v-position-middle elementor-widget elementor-widget-imainslider\" data-id=\"a44c4a3\" data-element_type=\"widget\" data-widget_type=\"imainslider.default\">\n\t\t\t\t<div class=\"elementor-widget-container\">\n\t\t\t<div class=\"industris-slides-wrapper navigation-arrows navigation-tablet-arrows navigation-mobile-arrows\" dir=\"ltr\">\r\n\t\t\t\t<div class=\"arrows-wrapper\"><div class=\"arrows-inner container container-bigger\"><\/div><\/div>\r\n\t\t\t\t<div class=\"industris-slides\" data-slider_options=\"{&quot;slidesToShow&quot;:1,&quot;autoplaySpeed&quot;:7000,&quot;autoplay&quot;:true,&quot;infinite&quot;:true,&quot;pauseOnHover&quot;:true,&quot;speed&quot;:100,&quot;arrows&quot;:true,&quot;dots&quot;:false,&quot;rtl&quot;:false,&quot;fade&quot;:true}\" data-animation=\"fadeIn\"><div class=\"elementor-repeater-item-8f7da7a slick-slide\"><div class=\"slick-slide-bg\" data-animation=\"inherit\"><\/div><div class=\"slick-slide-inner\"><div class=\"industris-slide-content\" data-animation=\"fadeInUp\"><div class=\"industris-slide-subtitle\">Penisola Gas & Power<\/div><div class=\"industris-slide-heading\">THE ENERGY <br>THAT UNITES US<\/div><a href=\"https:\/\/penisolagas.it\/en\/chi-siamo\/\" class=\"industris-slide-button slide-button_1 btn\">Discover more<\/a><\/div><\/div><\/div><\/div>\r\n\t\t\t<\/div>\t\t<\/div>\n\t\t\t\t<\/div>\n\t\t\t\t\t<\/div>\n\t\t<\/div>\n\t\t\t\t\t\t\t<\/div>\n\t\t<\/section>\n\t\t\t\t<section class=\"elementor-section elementor-top-section elementor-element elementor-element-07ac0b9 elementor-section-boxed elementor-section-height-default elementor-section-height-default\" data-id=\"07ac0b9\" data-element_type=\"section\">\n\t\t\t\t\t\t<div class=\"elementor-container elementor-column-gap-default\">\n\t\t\t\t\t<div class=\"elementor-column elementor-col-100 elementor-top-column elementor-element elementor-element-cb95102\" data-id=\"cb95102\" data-element_type=\"column\">\n\t\t\t<div class=\"elementor-widget-wrap elementor-element-populated\">\n\t\t\t\t\t\t\t\t<section class=\"elementor-section elementor-inner-section elementor-element elementor-element-c1155c4 elementor-section-full_width elementor-section-content-middle elementor-section-height-default elementor-section-height-default\" data-id=\"c1155c4\" data-element_type=\"section\">\n\t\t\t\t\t\t<div class=\"elementor-container elementor-column-gap-extended\">\n\t\t\t\t\t<div class=\"elementor-column elementor-col-50 elementor-inner-column elementor-element elementor-element-d99a27f\" data-id=\"d99a27f\" data-element_type=\"column\">\n\t\t\t<div class=\"elementor-widget-wrap elementor-element-populated\">\n\t\t\t\t\t\t\t\t<div class=\"elementor-element elementor-element-887f892 elementor-widget elementor-widget-iheading\" data-id=\"887f892\" data-element_type=\"widget\" data-widget_type=\"iheading.default\">\n\t\t\t\t<div class=\"elementor-widget-container\">\n\t\t\t\t\t<div class=\"section-head\">\r\n\t        \t        <h2 class=\"section-title\">Penisola Gas & Power <span class=\"text-primary\"><\/span><\/h2>\r\n\t        \t    <\/div>\r\n\t    \t\t<\/div>\n\t\t\t\t<\/div>\n\t\t\t\t<div class=\"elementor-element elementor-element-ba09fdd elementor-widget elementor-widget-text-editor\" data-id=\"ba09fdd\" data-element_type=\"widget\" data-widget_type=\"text-editor.default\">\n\t\t\t\t<div class=\"elementor-widget-container\">\n\t\t\t<style>\/*! elementor - v3.5.6 - 28-02-2022 *\/\n.elementor-widget-text-editor.elementor-drop-cap-view-stacked .elementor-drop-cap{background-color:#818a91;color:#fff}.elementor-widget-text-editor.elementor-drop-cap-view-framed .elementor-drop-cap{color:#818a91;border:3px solid;background-color:transparent}.elementor-widget-text-editor:not(.elementor-drop-cap-view-default) .elementor-drop-cap{margin-top:8px}.elementor-widget-text-editor:not(.elementor-drop-cap-view-default) .elementor-drop-cap-letter{width:1em;height:1em}.elementor-widget-text-editor .elementor-drop-cap{float:left;text-align:center;line-height:1;font-size:50px}.elementor-widget-text-editor .elementor-drop-cap-letter{display:inline-block}<\/style>\t\t\t\t<p><span style=\"font-weight: 400;\">Energy is the basis of our work. Not only because it is the focus of us at Penisola Gas &amp; Power, but also because it is on it that we build our experiences, sensations and choices. We are dynamic, and we transfer our dynamism into an active and pro-active service, because we know that our attention to you must be systematic and built around your needs.<\/span><\/p><p><span style=\"font-weight: 400;\">We know that energy enlightens us, warms us, animates us, and we believe in it. Because it makes us move, it makes us free; it cancels distances and unites us.<\/span><\/p>\t\t\t\t\t\t<\/div>\n\t\t\t\t<\/div>\n\t\t\t\t\t<\/div>\n\t\t<\/div>\n\t\t\t\t<div class=\"elementor-column elementor-col-50 elementor-inner-column elementor-element elementor-element-bdabb7c\" data-id=\"bdabb7c\" data-element_type=\"column\">\n\t\t\t<div class=\"elementor-widget-wrap elementor-element-populated\">\n\t\t\t\t\t\t\t\t<div class=\"elementor-element elementor-element-de43077 elementor-widget elementor-widget-image\" data-id=\"de43077\" data-element_type=\"widget\" data-widget_type=\"image.default\">\n\t\t\t\t<div class=\"elementor-widget-container\">\n\t\t\t<style>\/*! elementor - v3.5.6 - 28-02-2022 *\/\n.elementor-widget-image{text-align:center}.elementor-widget-image a{display:inline-block}.elementor-widget-image a img[src$=\".svg\"]{width:48px}.elementor-widget-image img{vertical-align:middle;display:inline-block}<\/style>\t\t\t\t\t\t\t\t\t\t\t\t<img loading=\"lazy\" decoding=\"async\" width=\"750\" height=\"500\" src=\"https:\/\/penisolagas.it\/wp-content\/uploads\/2022\/03\/pexels-enrique-10785841-1.jpg\" class=\"attachment-full size-full\" alt=\"\" srcset=\"https:\/\/penisolagas.it\/wp-content\/uploads\/2022\/03\/pexels-enrique-10785841-1.jpg 750w, https:\/\/penisolagas.it\/wp-content\/uploads\/2022\/03\/pexels-enrique-10785841-1-300x200.jpg 300w, https:\/\/penisolagas.it\/wp-content\/uploads\/2022\/03\/pexels-enrique-10785841-1-18x12.jpg 18w\" sizes=\"auto, (max-width: 750px) 100vw, 750px\" \/>\t\t\t\t\t\t\t\t\t\t\t\t\t\t\t<\/div>\n\t\t\t\t<\/div>\n\t\t\t\t\t<\/div>\n\t\t<\/div>\n\t\t\t\t\t\t\t<\/div>\n\t\t<\/section>\n\t\t\t\t\t<\/div>\n\t\t<\/div>\n\t\t\t\t\t\t\t<\/div>\n\t\t<\/section>\n\t\t\t\t<section class=\"elementor-section elementor-top-section elementor-element elementor-element-bcdcebb elementor-section-boxed elementor-section-height-default elementor-section-height-default\" data-id=\"bcdcebb\" data-element_type=\"section\" data-settings=\"{&quot;background_background&quot;:&quot;classic&quot;}\">\n\t\t\t\t\t\t<div class=\"elementor-container elementor-column-gap-default\">\n\t\t\t\t\t<div class=\"elementor-column elementor-col-100 elementor-top-column elementor-element elementor-element-4616072\" data-id=\"4616072\" data-element_type=\"column\">\n\t\t\t<div class=\"elementor-widget-wrap elementor-element-populated\">\n\t\t\t\t\t\t\t\t<section class=\"elementor-section elementor-inner-section elementor-element elementor-element-1e36214 elementor-section-full_width elementor-section-height-default elementor-section-height-default\" data-id=\"1e36214\" data-element_type=\"section\">\n\t\t\t\t\t\t<div class=\"elementor-container elementor-column-gap-extended\">\n\t\t\t\t\t<div class=\"elementor-column elementor-col-100 elementor-inner-column elementor-element elementor-element-d275bc2\" data-id=\"d275bc2\" data-element_type=\"column\">\n\t\t\t<div class=\"elementor-widget-wrap elementor-element-populated\">\n\t\t\t\t\t\t\t\t<div class=\"elementor-element elementor-element-c795ca6 elementor-widget elementor-widget-heading\" data-id=\"c795ca6\" data-element_type=\"widget\" data-widget_type=\"heading.default\">\n\t\t\t\t<div class=\"elementor-widget-container\">\n\t\t\t<style>\/*! elementor - v3.5.6 - 28-02-2022 *\/\n.elementor-heading-title{padding:0;margin:0;line-height:1}.elementor-widget-heading .elementor-heading-title[class*=elementor-size-]>a{color:inherit;font-size:inherit;line-height:inherit}.elementor-widget-heading .elementor-heading-title.elementor-size-small{font-size:15px}.elementor-widget-heading .elementor-heading-title.elementor-size-medium{font-size:19px}.elementor-widget-heading .elementor-heading-title.elementor-size-large{font-size:29px}.elementor-widget-heading .elementor-heading-title.elementor-size-xl{font-size:39px}.elementor-widget-heading .elementor-heading-title.elementor-size-xxl{font-size:59px}<\/style><h2 class=\"elementor-heading-title elementor-size-default\">To whom we turn<\/h2>\t\t<\/div>\n\t\t\t\t<\/div>\n\t\t\t\t\t<\/div>\n\t\t<\/div>\n\t\t\t\t\t\t\t<\/div>\n\t\t<\/section>\n\t\t\t\t<section class=\"elementor-section elementor-inner-section elementor-element elementor-element-480ac7a elementor-section-full_width elementor-section-height-default elementor-section-height-default\" data-id=\"480ac7a\" data-element_type=\"section\">\n\t\t\t\t\t\t<div class=\"elementor-container elementor-column-gap-extended\">\n\t\t\t\t\t<div class=\"elementor-column elementor-col-25 elementor-inner-column elementor-element elementor-element-d90e723\" data-id=\"d90e723\" data-element_type=\"column\">\n\t\t\t<div class=\"elementor-widget-wrap elementor-element-populated\">\n\t\t\t\t\t\t\t\t<div class=\"elementor-element elementor-element-84e3fa2 elementor-widget elementor-widget-iiconbox\" data-id=\"84e3fa2\" data-element_type=\"widget\" data-widget_type=\"iiconbox.default\">\n\t\t\t\t<div class=\"elementor-widget-container\">\n\t\t\t\t\t<div class=\"icon-box\">\r\n\t\t\t\t        <div class=\"content-box\">\r\n\t            <h4>Family<\/h4>\r\n\t            <p><\/p>\r\n\t            <a class=\"btn-details\" href=\"https:\/\/penisolagas.it\/en\/service\/family\/\"><i class=\"icon ion-md-add-circle-outline\"><\/i><\/a>\t        <\/div>\r\n\t        \t\t\t<div class=\"icon-bottom\">\r\n\t\t        \t\t         <img decoding=\"async\" src=\"https:\/\/penisolagas.it\/wp-content\/uploads\/2022\/03\/btnFamily-1.png\" alt=\"\">\t        <\/div>\r\n\t        \t    <\/div>\r\n\t    \t\t<\/div>\n\t\t\t\t<\/div>\n\t\t\t\t\t<\/div>\n\t\t<\/div>\n\t\t\t\t<div class=\"elementor-column elementor-col-25 elementor-inner-column elementor-element elementor-element-8cdd35a\" data-id=\"8cdd35a\" data-element_type=\"column\">\n\t\t\t<div class=\"elementor-widget-wrap elementor-element-populated\">\n\t\t\t\t\t\t\t\t<div class=\"elementor-element elementor-element-01f6941 elementor-widget elementor-widget-iiconbox\" data-id=\"01f6941\" data-element_type=\"widget\" data-widget_type=\"iiconbox.default\">\n\t\t\t\t<div class=\"elementor-widget-container\">\n\t\t\t\t\t<div class=\"icon-box\">\r\n\t\t\t\t        <div class=\"content-box\">\r\n\t            <h4>Condominiums<\/h4>\r\n\t            <p><\/p>\r\n\t            <a class=\"btn-details\" href=\"https:\/\/penisolagas.it\/en\/service\/condomini\/\"><i class=\"icon ion-md-add-circle-outline\"><\/i><\/a>\t        <\/div>\r\n\t        \t\t\t<div class=\"icon-bottom\">\r\n\t\t        \t\t         <img decoding=\"async\" src=\"https:\/\/penisolagas.it\/wp-content\/uploads\/2022\/03\/btnCondomini-1.png\" alt=\"\">\t        <\/div>\r\n\t        \t    <\/div>\r\n\t    \t\t<\/div>\n\t\t\t\t<\/div>\n\t\t\t\t\t<\/div>\n\t\t<\/div>\n\t\t\t\t<div class=\"elementor-column elementor-col-25 elementor-inner-column elementor-element elementor-element-b264f07\" data-id=\"b264f07\" data-element_type=\"column\">\n\t\t\t<div class=\"elementor-widget-wrap elementor-element-populated\">\n\t\t\t\t\t\t\t\t<div class=\"elementor-element elementor-element-1f54095 elementor-widget elementor-widget-iiconbox\" data-id=\"1f54095\" data-element_type=\"widget\" data-widget_type=\"iiconbox.default\">\n\t\t\t\t<div class=\"elementor-widget-container\">\n\t\t\t\t\t<div class=\"icon-box\">\r\n\t\t\t\t        <div class=\"content-box\">\r\n\t            <h4>Freelancers<\/h4>\r\n\t            <p><\/p>\r\n\t            <a class=\"btn-details\" href=\"https:\/\/penisolagas.it\/en\/service\/liberi-professionisti\/\"><i class=\"icon ion-md-add-circle-outline\"><\/i><\/a>\t        <\/div>\r\n\t        \t\t\t<div class=\"icon-bottom\">\r\n\t\t        \t\t         <img decoding=\"async\" src=\"https:\/\/penisolagas.it\/wp-content\/uploads\/2022\/03\/btnLiberi-1.png\" alt=\"\">\t        <\/div>\r\n\t        \t    <\/div>\r\n\t    \t\t<\/div>\n\t\t\t\t<\/div>\n\t\t\t\t\t<\/div>\n\t\t<\/div>\n\t\t\t\t<div class=\"elementor-column elementor-col-25 elementor-inner-column elementor-element elementor-element-3301633\" data-id=\"3301633\" data-element_type=\"column\">\n\t\t\t<div class=\"elementor-widget-wrap elementor-element-populated\">\n\t\t\t\t\t\t\t\t<div class=\"elementor-element elementor-element-6691b89 elementor-widget elementor-widget-iiconbox\" data-id=\"6691b89\" data-element_type=\"widget\" data-widget_type=\"iiconbox.default\">\n\t\t\t\t<div class=\"elementor-widget-container\">\n\t\t\t\t\t<div class=\"icon-box\">\r\n\t\t\t\t        <div class=\"content-box\">\r\n\t            <h4>Companies<\/h4>\r\n\t            <p><\/p>\r\n\t            <a class=\"btn-details\" href=\"https:\/\/penisolagas.it\/en\/service\/aziende\/\"><i class=\"icon ion-md-add-circle-outline\"><\/i><\/a>\t        <\/div>\r\n\t        \t\t\t<div class=\"icon-bottom\">\r\n\t\t        \t\t         <img decoding=\"async\" src=\"https:\/\/penisolagas.it\/wp-content\/uploads\/2022\/03\/btnAziende-1.png\" alt=\"\">\t        <\/div>\r\n\t        \t    <\/div>\r\n\t    \t\t<\/div>\n\t\t\t\t<\/div>\n\t\t\t\t\t<\/div>\n\t\t<\/div>\n\t\t\t\t\t\t\t<\/div>\n\t\t<\/section>\n\t\t\t\t\t<\/div>\n\t\t<\/div>\n\t\t\t\t\t\t\t<\/div>\n\t\t<\/section>\n\t\t\t\t<section class=\"elementor-section elementor-top-section elementor-element elementor-element-87199a3 elementor-section-boxed elementor-section-height-default elementor-section-height-default\" data-id=\"87199a3\" data-element_type=\"section\">\n\t\t\t\t\t\t<div class=\"elementor-container elementor-column-gap-default\">\n\t\t\t\t\t<div class=\"elementor-column elementor-col-100 elementor-top-column elementor-element elementor-element-617c22d\" data-id=\"617c22d\" data-element_type=\"column\">\n\t\t\t<div class=\"elementor-widget-wrap elementor-element-populated\">\n\t\t\t\t\t\t\t\t<div class=\"elementor-element elementor-element-6825310 elementor-widget elementor-widget-iheading\" data-id=\"6825310\" data-element_type=\"widget\" data-widget_type=\"iheading.default\">\n\t\t\t\t<div class=\"elementor-widget-container\">\n\t\t\t\t\t<div class=\"section-head\">\r\n\t        \t            <h6 class=\"text-primary\">SWITCH TO PENISOLA<\/h6>\r\n\t        \t        <h2 class=\"section-title\">Become a customer <span class=\"text-primary\"><\/span><\/h2>\r\n\t        \t    <\/div>\r\n\t    \t\t<\/div>\n\t\t\t\t<\/div>\n\t\t\t\t<div class=\"elementor-element elementor-element-abe4734 elementor-widget elementor-widget-iiconbox_carousel\" data-id=\"abe4734\" data-element_type=\"widget\" data-widget_type=\"iiconbox_carousel.default\">\n\t\t\t\t<div class=\"elementor-widget-container\">\n\t\t\t\t\t<div class=\"icon-box-slider-wraper\">\r\n\t\t\t<div class=\"icon-box-slider iarrow  row\" data-show=\"3\" data-auto=\"\" data-dots=\"\" data-arrow=\"\">\r\n\t\t\t\t\t\t\t\t<div>\r\n\t\t\t\t\t<div class=\"icon-box\">\r\n\t\t\t\t\t\t<div class=\"icon-top\">\r\n\t\t\t\t\t        \t\t\t\t\t        \t\t\t\t        <\/div>\r\n\t\t\t\t        <div class=\"content-box\">\r\n\t\t\t\t            <h4>Change supplier<\/h4>\t\t\t\t            <p>Do you already have an active electricity and gas supply? <br>Discover how easy it is to switch to Penisola!\n<\/p>\t\t\t\t            <a class=\"btn-details\" href=\"https:\/\/penisolagas.it\/en\/cambio-fornitore\/\"><i class=\"icon ion-md-add-circle-outline\"><\/i><\/a>\t\t\t\t        <\/div>\r\n\t\t\t\t    <\/div>\r\n\t\t\t\t<\/div>\r\n\t\t\t\t\t\t\t\t<div>\r\n\t\t\t\t\t<div class=\"icon-box\">\r\n\t\t\t\t\t\t<div class=\"icon-top\">\r\n\t\t\t\t\t        \t\t\t\t\t        \t\t\t\t        <\/div>\r\n\t\t\t\t        <div class=\"content-box\">\r\n\t\t\t\t            <h4>Take over<\/h4>\t\t\t\t            <p>Do you need to reactivate the electricity and gas supply? <br>To activate Penisola's services click here!\n<\/p>\t\t\t\t            <a class=\"btn-details\" href=\"https:\/\/penisolagas.it\/en\/subentro\/\"><i class=\"icon ion-md-add-circle-outline\"><\/i><\/a>\t\t\t\t        <\/div>\r\n\t\t\t\t    <\/div>\r\n\t\t\t\t<\/div>\r\n\t\t\t\t\t\t\t\t<div>\r\n\t\t\t\t\t<div class=\"icon-box\">\r\n\t\t\t\t\t\t<div class=\"icon-top\">\r\n\t\t\t\t\t        \t\t\t\t\t        \t\t\t\t        <\/div>\r\n\t\t\t\t        <div class=\"content-box\">\r\n\t\t\t\t            <h4>Transfer<\/h4>\t\t\t\t            <p>Do you need to change the holder of the supply? <br>Just a few clicks, do it now!\n<\/p>\t\t\t\t            <a class=\"btn-details\" href=\"https:\/\/penisolagas.it\/en\/voltura\/\"><i class=\"icon ion-md-add-circle-outline\"><\/i><\/a>\t\t\t\t        <\/div>\r\n\t\t\t\t    <\/div>\r\n\t\t\t\t<\/div>\r\n\t\t\t\t\t\t\t<\/div>\r\n\t\t\t\t\t<\/div>\r\n\t    \t\t<\/div>\n\t\t\t\t<\/div>\n\t\t\t\t\t<\/div>\n\t\t<\/div>\n\t\t\t\t\t\t\t<\/div>\n\t\t<\/section>\n\t\t\t\t\t\t<\/div>\n\t\t\t\t\t<\/div>","protected":false},"excerpt":{"rendered":"<p>Penisola Gas &#038; PowerL\u2019ENERGIA CHE CI UNISCEScopri di pi\u00f9 Penisola Gas &#038; Power L\u2019energia \u00e8 alla base del nostro lavoro. Non solo perch\u00e9 \u00e8 il focus di noi di Penisola Gas &amp; Power, ma anche perch\u00e9 \u00e8 su di essa che costruiamo le nostre esperienze, sensazioni e scelte. Siamo dinamici, e trasferiamo il nostro dinamismo [&hellip;]<\/p>","protected":false},"author":1,"featured_media":0,"parent":0,"menu_order":0,"comment_status":"closed","ping_status":"closed","template":"","meta":{"footnotes":""},"class_list":["post-1177","page","type-page","status-publish","hentry"],"_links":{"self":[{"href":"https:\/\/penisolagas.it\/en\/wp-json\/wp\/v2\/pages\/1177","targetHints":{"allow":["GET"]}}],"collection":[{"href":"https:\/\/penisolagas.it\/en\/wp-json\/wp\/v2\/pages"}],"about":[{"href":"https:\/\/penisolagas.it\/en\/wp-json\/wp\/v2\/types\/page"}],"author":[{"embeddable":true,"href":"https:\/\/penisolagas.it\/en\/wp-json\/wp\/v2\/users\/1"}],"replies":[{"embeddable":true,"href":"https:\/\/penisolagas.it\/en\/wp-json\/wp\/v2\/comments?post=1177"}],"version-history":[{"count":10,"href":"https:\/\/penisolagas.it\/en\/wp-json\/wp\/v2\/pages\/1177\/revisions"}],"predecessor-version":[{"id":2289,"href":"https:\/\/penisolagas.it\/en\/wp-json\/wp\/v2\/pages\/1177\/revisions\/2289"}],"wp:attachment":[{"href":"https:\/\/penisolagas.it\/en\/wp-json\/wp\/v2\/media?parent=1177"}],"curies":[{"name":"wp","href":"https:\/\/api.w.org\/{rel}","templated":true}]}}