{"id":2181,"date":"2022-03-21T16:34:02","date_gmt":"2022-03-21T15:34:02","guid":{"rendered":"https:\/\/penisolagas.it\/?page_id=2181"},"modified":"2022-03-28T08:26:19","modified_gmt":"2022-03-28T07:26:19","slug":"voltura","status":"publish","type":"page","link":"https:\/\/penisolagas.it\/en\/voltura\/","title":{"rendered":"Transfer"},"content":{"rendered":"<div data-elementor-type=\"wp-page\" data-elementor-id=\"2181\" class=\"elementor elementor-2181\" data-elementor-settings=\"[]\">\n\t\t\t\t\t\t\t<div class=\"elementor-section-wrap\">\n\t\t\t\t\t\t\t<section class=\"elementor-section elementor-top-section elementor-element elementor-element-f4da313 elementor-section-content-top elementor-section-boxed elementor-section-height-default elementor-section-height-default\" data-id=\"f4da313\" data-element_type=\"section\">\n\t\t\t\t\t\t<div class=\"elementor-container elementor-column-gap-extended\">\n\t\t\t\t\t<div class=\"elementor-column elementor-col-50 elementor-top-column elementor-element elementor-element-c44ea21\" data-id=\"c44ea21\" data-element_type=\"column\">\n\t\t\t<div class=\"elementor-widget-wrap elementor-element-populated\">\n\t\t\t\t\t\t\t\t<div class=\"elementor-element elementor-element-6bbb1eb elementor-widget elementor-widget-iheading\" data-id=\"6bbb1eb\" data-element_type=\"widget\" data-widget_type=\"iheading.default\">\n\t\t\t\t<div class=\"elementor-widget-container\">\n\t\t\t\t\t<div class=\"section-head\">\r\n\t        \t        <h2 class=\"section-title\">Transfer <span class=\"text-primary\"><\/span><\/h2>\r\n\t        \t    <\/div>\r\n\t    \t\t<\/div>\n\t\t\t\t<\/div>\n\t\t\t\t<div class=\"elementor-element elementor-element-2bfee30 elementor-widget elementor-widget-text-editor\" data-id=\"2bfee30\" data-element_type=\"widget\" data-widget_type=\"text-editor.default\">\n\t\t\t\t<div class=\"elementor-widget-container\">\n\t\t\t<style>\/*! elementor - v3.5.6 - 28-02-2022 *\/\n.elementor-widget-text-editor.elementor-drop-cap-view-stacked .elementor-drop-cap{background-color:#818a91;color:#fff}.elementor-widget-text-editor.elementor-drop-cap-view-framed .elementor-drop-cap{color:#818a91;border:3px solid;background-color:transparent}.elementor-widget-text-editor:not(.elementor-drop-cap-view-default) .elementor-drop-cap{margin-top:8px}.elementor-widget-text-editor:not(.elementor-drop-cap-view-default) .elementor-drop-cap-letter{width:1em;height:1em}.elementor-widget-text-editor .elementor-drop-cap{float:left;text-align:center;line-height:1;font-size:50px}.elementor-widget-text-editor .elementor-drop-cap-letter{display:inline-block}<\/style>\t\t\t\t<p><span style=\"font-weight: 400;\">Do you have to change the holder of the supply?<\/span><\/p><ul><li><strong>Download the docs;<\/strong><\/li><li><strong>Print the docs fill them and sign them;<\/strong><\/li><li><strong>Scan the filled and signed docs;<\/strong><\/li><li><strong>Fill the form and attach the documents.<\/strong><\/li><\/ul>\t\t\t\t\t\t<\/div>\n\t\t\t\t<\/div>\n\t\t\t\t<div class=\"elementor-element elementor-element-a24e39c elementor-align-left elementor-widget elementor-widget-button\" data-id=\"a24e39c\" data-element_type=\"widget\" data-widget_type=\"button.default\">\n\t\t\t\t<div class=\"elementor-widget-container\">\n\t\t\t\t\t<div class=\"elementor-button-wrapper\">\n\t\t\t<a href=\"https:\/\/penisolagas.it\/wp-content\/uploads\/2022\/03\/Voltura_solo_subentrante_EE.pdf\" target=\"_blank\" class=\"elementor-button-link elementor-button elementor-size-sm\" role=\"button\">\n\t\t\t\t\t\t<span class=\"elementor-button-content-wrapper\">\n\t\t\t\t\t\t<span class=\"elementor-button-icon elementor-align-icon-left\">\n\t\t\t\t<i aria-hidden=\"true\" class=\"fas fa-file-download\"><\/i>\t\t\t<\/span>\n\t\t\t\t\t\t<span class=\"elementor-button-text\">Voltura subentro Energia Elettrica<\/span>\n\t\t<\/span>\n\t\t\t\t\t<\/a>\n\t\t<\/div>\n\t\t\t\t<\/div>\n\t\t\t\t<\/div>\n\t\t\t\t<div class=\"elementor-element elementor-element-9866ba2 elementor-align-left elementor-widget elementor-widget-button\" data-id=\"9866ba2\" data-element_type=\"widget\" data-widget_type=\"button.default\">\n\t\t\t\t<div class=\"elementor-widget-container\">\n\t\t\t\t\t<div class=\"elementor-button-wrapper\">\n\t\t\t<a href=\"https:\/\/penisolagas.it\/wp-content\/uploads\/2022\/03\/Voltura_solo_subentrante_GAS.pdf\" target=\"_blank\" class=\"elementor-button-link elementor-button elementor-size-sm\" role=\"button\">\n\t\t\t\t\t\t<span class=\"elementor-button-content-wrapper\">\n\t\t\t\t\t\t<span class=\"elementor-button-icon elementor-align-icon-left\">\n\t\t\t\t<i aria-hidden=\"true\" class=\"fas fa-file-download\"><\/i>\t\t\t<\/span>\n\t\t\t\t\t\t<span class=\"elementor-button-text\">Voltura subentro Gas<\/span>\n\t\t<\/span>\n\t\t\t\t\t<\/a>\n\t\t<\/div>\n\t\t\t\t<\/div>\n\t\t\t\t<\/div>\n\t\t\t\t\t<\/div>\n\t\t<\/div>\n\t\t\t\t<div class=\"elementor-column elementor-col-50 elementor-top-column elementor-element elementor-element-69d33ca\" data-id=\"69d33ca\" data-element_type=\"column\">\n\t\t\t<div class=\"elementor-widget-wrap elementor-element-populated\">\n\t\t\t\t\t\t\t\t<div class=\"elementor-element elementor-element-b50b4e8 elementor-widget elementor-widget-industris-contact-form-7\" data-id=\"b50b4e8\" data-element_type=\"widget\" data-widget_type=\"industris-contact-form-7.default\">\n\t\t\t\t<div class=\"elementor-widget-container\">\n\t\t\t<div class=\"elementor-shortcode industris-cf7-0\"><div role=\"form\" class=\"wpcf7\" id=\"wpcf7-f2180-o1\" lang=\"en-US\" dir=\"ltr\">\n<div class=\"screen-reader-response\"><p role=\"status\" aria-live=\"polite\" aria-atomic=\"true\"><\/p> <ul><\/ul><\/div>\n<form action=\"\/en\/wp-json\/wp\/v2\/pages\/2181#wpcf7-f2180-o1\" method=\"post\" class=\"wpcf7-form init\" enctype=\"multipart\/form-data\" novalidate=\"novalidate\" data-status=\"init\" data-trp-original-action=\"\/en\/wp-json\/wp\/v2\/pages\/2181#wpcf7-f2180-o1\">\n<div style=\"display: none;\">\n<input type=\"hidden\" name=\"_wpcf7\" value=\"2180\" \/>\n<input type=\"hidden\" name=\"_wpcf7_version\" value=\"5.5.6\" \/>\n<input type=\"hidden\" name=\"_wpcf7_locale\" value=\"en_US\" \/>\n<input type=\"hidden\" name=\"_wpcf7_unit_tag\" value=\"wpcf7-f2180-o1\" \/>\n<input type=\"hidden\" name=\"_wpcf7_container_post\" value=\"0\" \/>\n<input type=\"hidden\" name=\"_wpcf7_posted_data_hash\" value=\"\" \/>\n<\/div>\n<div class=\"row\">\n<div class=\"col-12 col-md-6 selectForm\">\n\t\t\t<label>Service*<label><br \/>\n\t\t\t<span class=\"wpcf7-form-control-wrap fornitura\"><select name=\"fornitura\" class=\"wpcf7-form-control wpcf7-select wpcf7-validates-as-required\" aria-required=\"true\" aria-invalid=\"false\"><option value=\"Gas naturale\">Gas naturale<\/option><option value=\"Energia elettrica\">Energia elettrica<\/option><option value=\"Dual Fuel\">Dual Fuel<\/option><\/select><\/span><br \/>\n\t\t\t<br>\n\t\t<\/div>\n<div class=\"col-12 col-md-6\">\n\t\t\t<label>Company<label><br \/>\n\t\t\t<span class=\"wpcf7-form-control-wrap ragionesociale\"><input type=\"text\" name=\"ragionesociale\" value=\"\" size=\"40\" class=\"wpcf7-form-control wpcf7-text\" aria-invalid=\"false\" \/><\/span><br \/>\n\t\t\t<br>\n\t\t<\/div>\n<\/div>\n<div class=\"row\">\n<div class=\"col-12 col-md-6\">\n\t\t\t<label>Name*<label><br \/>\n\t\t\t<span class=\"wpcf7-form-control-wrap nome\"><input type=\"text\" name=\"nome\" value=\"\" size=\"40\" class=\"wpcf7-form-control wpcf7-text wpcf7-validates-as-required\" aria-required=\"true\" aria-invalid=\"false\" \/><\/span><br \/>\n\t\t\t<br>\n\t\t<\/div>\n<div class=\"col-12 col-md-6\">\n\t\t\t<label>Surname*<label><br \/>\n\t\t\t<span class=\"wpcf7-form-control-wrap cognome\"><input type=\"text\" name=\"cognome\" value=\"\" size=\"40\" class=\"wpcf7-form-control wpcf7-text wpcf7-validates-as-required\" aria-required=\"true\" aria-invalid=\"false\" \/><\/span><br \/>\n\t\t\t<br>\n\t\t<\/div>\n<\/div>\n<div class=\"row\">\n<div class=\"col-12 col-md-6\">\n\t\t\t<label>Email*<label><br \/>\n\t\t\t<span class=\"wpcf7-form-control-wrap email\"><input type=\"email\" name=\"email\" value=\"\" size=\"40\" class=\"wpcf7-form-control wpcf7-text wpcf7-email wpcf7-validates-as-required wpcf7-validates-as-email\" aria-required=\"true\" aria-invalid=\"false\" \/><\/span><br \/>\n\t\t\t<br>\n\t\t<\/div>\n<div class=\"col-12 col-md-6\">\n\t\t\t<label>Phone*<label><br \/>\n\t\t\t<span class=\"wpcf7-form-control-wrap telefono\"><input type=\"text\" name=\"telefono\" value=\"\" size=\"40\" class=\"wpcf7-form-control wpcf7-text wpcf7-validates-as-required\" aria-required=\"true\" aria-invalid=\"false\" \/><\/span><br \/>\n\t\t\t<br>\n\t\t<\/div>\n<\/div>\n<p>\t\t\t<label>Message<label><br \/>\n\t\t\t<span class=\"wpcf7-form-control-wrap messaggio\"><textarea name=\"messaggio\" cols=\"40\" rows=\"10\" class=\"wpcf7-form-control wpcf7-textarea\" aria-invalid=\"false\"><\/textarea><\/span><br \/>\n\t\t\t<br><\/p>\n<p>\t\t\t<label>Attach the take over documents*<label><br \/>\n\t\t\t<span class=\"wpcf7-form-control-wrap allegati\"><input type=\"file\" name=\"allegati\" size=\"40\" class=\"wpcf7-form-control wpcf7-file wpcf7-validates-as-required\" accept=\".jpg,.jpeg,.png,.gif,.pdf,.doc,.docx,.ppt,.pptx,.odt,.avi,.ogg,.m4a,.mov,.mp3,.mp4,.mpg,.wav,.wmv\" aria-required=\"true\" aria-invalid=\"false\" \/><\/span><br \/>\n\t\t\t<br><\/p>\n<div style=\"width: 100%; height: 250px; font-size: 12px; overflow: auto;\">\nPenisola Gas & Power S.r.l., nel prosieguo \u201cPenisola Gas & Power\u201d, nella qualit\u00e0 di Titolare del trattamento dei Suoi dati personali, ai sensi e per gli effetti del D.Lgs. 30 Giugno 2003 n. 196 (\u201cCodice in materia di protezione dei dati personali\u201d), nel prosieguo \u201cCodice della Privacy\u201d, con la presente La informa che la citata normativa prevede la tutela di persone fisiche, giuridiche e di altri soggetti rispetto al trattamento dei dati personali e che tale trattamento sar\u00e0 improntato ai principi di correttezza, liceit\u00e0, trasparenza e di tutela della Sua riservatezza e dei Suoi diritti. I Suoi dati personali verranno trattati in accordo alle disposizioni legislative della normativa sopra citata e degli obblighi di riservatezza ivi previsti.<br><br \/>\n1) Finalit\u00e0 del trattamento: Il conferimento dei Suoi dati personali ha le seguenti finalit\u00e0: a) consentire a Penisola Gas & Power di effettuare una registrazione a Suo nome al sito internet http:\/\/www.penisolagas.it e permettere di tenerLa informata sulle modifiche apportate alle tariffe mediante il servizio gratuito di newsletter; b) darne comunicazione alle Societ\u00e0 partner di Penisola Gas & Power per fini di marketing e commerciali, per l\u2019invio di materiale pubblicitario e informativo, nonch\u00e9 in esecuzione del servizio offerto da Penisola Gas & Power, per farLa contattare via e-mail o telefonicamente. Sono da intendere Societ\u00e0 partner di Penisola Gas & Power le aziende controllate o controllanti di Penisola Gas & Power; c) per lo svolgimento di studi, ricerche statistiche e di mercato.<br><br \/>\n2) Modalit\u00e0 del trattamento: I Suoi dati personali potranno essere trattati nei seguenti modi: a) trattamento automatico a mezzo di calcolatori elettronici; b) trattamento manuale a mezzo di archivi cartacei; c) raccolta di dati per via informatica o telematica. Ogni trattamento avviene nel rispetto delle modalit\u00e0 di cui agli artt. 11, 31 e seguenti del Codice della Privacy e mediante l\u2019adozione delle misure minime di sicurezza previste dal disciplinare tecnico contenuto nell\u2019allegato B).<br><br \/>\n3) Natura del conferimento dei dati: il conferimento dei Suoi dati e la relativa autorizzazione al trattamento per le finalit\u00e0 di cui alle lettere a) e b) del punto 1) della presente informativa sono obbligatori per poter consentire ad Penisola Gas & Power di fornire il servizio richiesto. Il mancato o parziale conferimento dei Suoi dati, ovvero la mancata autorizzazione al trattamento dei dati per le finalit\u00e0 di cui sopra comporteranno per l\u2019utente il fallimento della registrazione al sito di Penisola Gas & Power e la conseguente impossibilit\u00e0 di essere contattato. Il conferimento dei Suoi dati e la relativa autorizzazione per le ulteriori finalit\u00e0 di cui alla lettera c) del punto 1) della presente informativa sono facoltativi. Il mancato conferimento di tali dati non inficer\u00e0 il funzionamento del servizio.<br><br \/>\n4) Comunicazione: I Suoi dati saranno conservati presso la nostra sede e saranno trattati unicamente da personale autorizzato da Penisola Gas & Power. Il trattamento sar\u00e0 posto in essere con garanzia di tutela dei diritti dell\u2019interessato. I Suoi dati personali potranno essere comunicati a terzi, e in particolare a: a) soggetti pubblici e\/o privati per i quali la comunicazione dei dati \u00e8 obbligatoria in adempimento agli obblighi di legge o necessaria ai fini dell\u2019amministrazione del rapporto; b) pubbliche amministrazioni ed autorit\u00e0, come previsto dalla legge; c) previo consenso espresso dell\u2019utente, Penisola Gas & Power ai sensi dell\u2019art. 4 lett. l) del Codice della Privacy ed in esecuzione del servizio offerto, potr\u00e0 comunicare i Suoi dati alle Societ\u00e0 partner selezionate dall\u2019utente per fini di marketing, per l\u2019invio di materiale pubblicitario e informativo, nonch\u00e9 per farLa contattare via e-mail o telefonicamente; d) previo consenso espresso dell\u2019utente, Penisola Gas & Power ai sensi dell\u2019art. 4 lett. 1) del Codice della Privacy, potr\u00e0 altres\u00ec comunicare i Suoi dati ad operatori del settore dei consumi e nello specifico del settore energetico, per fini commerciali, per lo svolgimento di studi, ricerche statistiche e di mercato. Ai sensi dell\u2019art. 4 lett. m) del Codice della Privacy, i Suoi dati personali non saranno soggetti a diffusione a terzi indeterminati da parte di Penisola Gas & Power.<br><br \/>\n5) Diritto di accesso ai dati personali ed altri diritti: L\u2019utente ha diritto di ottenere dal Titolare del trattamento la cancellazione, la comunicazione, l\u2019aggiornamento, la rettificazione, l\u2019integrazione dei dati personali che lo riguardano, nonch\u00e9 in generale pu\u00f2 esercitare tutti i diritti previsti dall\u2019art. 7 del Codice della Privacy fornito in copia di seguito. Maggiori informazioni sui diritti dell\u2019utente e sulle eventuali modifiche alla normativa in materia di tutela delle persone rispetto al trattamento dei dati personali possono essere reperite visitando il sito web del Garante per la protezione dei dati personali all\u2019indirizzo http:\/\/www.garanteprivacy.it. D.Lgs. n. 196\/2003, art. 7 - Diritto di accesso ai dati personali ed altri diritti 1. L\u2019interessato ha diritto di ottenere la conferma dell\u2019esistenza o meno di dati personali che lo riguardano, anche se non ancora registrati, e la loro comunicazione in forma intelligibile. 2. L\u2019interessato ha diritto di ottenere l\u2019indicazione: a) dell\u2019origine dei dati personali; b) delle finalit\u00e0 e modalit\u00e0 del trattamento; c) della logica applicata in caso di trattamento effettuato con l\u2019ausilio di strumenti elettronici; d) degli estremi identificativi del titolare, dei responsabili e del rappresentante designato ai sensi dell\u2019articolo 5, comma 2; e) dei soggetti o delle categorie di soggetti ai quali i dati personali possono essere comunicati o che possono venirne a conoscenza in qualit\u00e0 di rappresentante designato nel territorio dello Stato, di responsabili o incaricati. 3. L\u2019interessato ha diritto di ottenere: a) l\u2019aggiornamento, la rettificazione ovvero, quando vi ha interesse, l\u2019integrazione dei dati; b) la cancellazione, la trasformazione in forma anonima o il blocco dei dati trattati in violazione di legge, compresi quelli di cui non \u00e8 necessaria la conservazione in relazione agli scopi per i quali i dati sono stati raccolti o successivamente trattati; c) l\u2019attestazione che le operazioni di cui alle lettere a) e b) sono state portate a conoscenza, anche per quanto riguarda il loro contenuto, di coloro ai quali i dati sono stati comunicati o diffusi, eccettuato il caso in cui tale adempimento si rivela impossibile o comporta un impiego di mezzi manifestamente sproporzionato rispetto al diritto tutelato. 4. L\u2019interessato ha diritto di opporsi, in tutto o in parte: a) per motivi legittimi al trattamento dei dati personali che lo riguardano, ancorch\u00e9 pertinenti allo scopo della raccolta; b) al trattamento di dati personali che lo riguardano a fini di invio di materiale pubblicitario o di vendita diretta o per il compimento di ricerche di mercato o di comunicazione commerciale.<br><br \/>\n6) Cancellazione dai servizi di Penisola Gas & Power: Ogni soggetto iscritto ad Penisola Gas & Power avr\u00e0 la facolt\u00e0 di cancellare la propria iscrizione al sito in qualsiasi momento attraverso inviando un apposito messaggio all\u2019indirizzo di posta elettronica info@suissegas.it. Penisola Gas & Power provveder\u00e0 alla cancellazione dal sito entro sette giorni lavorativi dalla richiesta e contestualmente ne dar\u00e0 comunicazione alle Societ\u00e0 partner cui, in esecuzione del servizio stesso, sono stati comunicati i dati dell\u2019utente. Penisola Gas & Power non sar\u00e0 ritenuta responsabile del trattamento dei dati da parte delle Societ\u00e0 partner a cui, nel rispetto del precedente capoverso, abbia comunicato la disdetta dell\u2019utente dai Servizi offerti da Penisola Gas & Power.<br><br \/>\n7) Titolare: Il Titolare del trattamento dei dati, ai sensi della Legge, \u00e8 Penisola Gas & Power S.r.l., con sede in via G.B.Bazzoni 12 \u2013 20123 \u2013  Milano, Codice Fiscale e Partita I.V.A. 08631701219 (e-mail: info@penisolagas.it), in persona del suo legale rappresentante. Per qualsiasi comunicazione inerente il trattamento dei Suoi dati personali (incluso l\u2019esercizio dei diritti previsti dall\u2019art. 7 del Codice della Privacy), potr\u00e0 scrivere a Penisola Gas & Power, presso il recapito sopra indicato.\n\t\t\t<\/div>\n<p>\t\t\t<br><\/p>\n<p>\t\t\t<label class=\"checkboxStyle\"><br \/>\n\t\t\t<span class=\"wpcf7-form-control-wrap privacy\"><span class=\"wpcf7-form-control wpcf7-checkbox wpcf7-validates-as-required\"><span class=\"wpcf7-list-item first last\"><input type=\"checkbox\" name=\"privacy[]\" value=\"Acconsento al trattamento dei dati personali ai fini del servizio offerto*.\" \/><span class=\"wpcf7-list-item-label\">I agree to the privacy terms for the offered service*.<\/span><\/span><\/span><\/span><br \/>\n\t\t\t<\/label><\/p>\n<p>\t\t\t<label>Test anti-spam<label><br \/>\n\t\t\t<span class=\"wpcf7-form-control-wrap math-quiz\"><label><span class=\"wpcf7-quiz-label\">12+48=?<\/span> <input type=\"text\" name=\"math-quiz\" size=\"40\" class=\"wpcf7-form-control wpcf7-quiz\" autocomplete=\"off\" aria-required=\"true\" aria-invalid=\"false\" \/><\/label><input type=\"hidden\" name=\"_wpcf7_quiz_answer_math-quiz\" value=\"63e52f6c05a965fa7ddeb697cba6e273\" \/><\/span><br \/>\n\t\t\t<br><\/p>\n<p>\t\t\t<input type=\"submit\" value=\"Send\" class=\"wpcf7-form-control has-spinner wpcf7-submit btn\" \/><\/p>\n<style>\n\t\t\t.checkboxStyle input{\n\t\t\t    width: 20px !important;\n\t\t\t}\n\t\t\t.checkboxStyle .wpcf7-list-item{\n\t\t\t\tmargin: 0 !important;\n\t\t\t}\n\t\t\tselect{\n\t\t\t\twidth: 100%;\n\t\t\t\tcolor: #707070;\n\t\t\t\tborder: 1px solid #e1e1e1;\n\t\t\t\tpadding: 15px;\n\t\t\t\theight: 54px;\n\t\t\t\tbox-sizing: border-box;\n\t\t\t\toutline: none;\n\t\t\t\tmax-width: 100%;\n\t\t\t}\n\t\t\t<\/style>\n<div class=\"wpcf7-response-output\" aria-hidden=\"true\"><\/div><input type=\"hidden\" name=\"trp-form-language\" value=\"en\"\/><\/form><\/div><\/div>\t\t<\/div>\n\t\t\t\t<\/div>\n\t\t\t\t\t<\/div>\n\t\t<\/div>\n\t\t\t\t\t\t\t<\/div>\n\t\t<\/section>\n\t\t\t\t\t\t<\/div>\n\t\t\t\t\t<\/div>","protected":false},"excerpt":{"rendered":"<p>Voltura Devi cambiare l&#8217;intestatario della fornitura? Scarica i moduli di interesse; Stampa i moduli, compilali in tutte le loro parti e firmali; Scansiona i moduli compilati e firmati; Compila il form e allega i moduli. Voltura subentro Energia Elettrica Voltura subentro Gas Fonritura* Gas naturaleEnergia elettricaDual Fuel Ragione sociale Nome* Cognome* Email* Telefono* Messaggio Allega [&hellip;]<\/p>","protected":false},"author":1,"featured_media":0,"parent":0,"menu_order":0,"comment_status":"closed","ping_status":"closed","template":"","meta":{"footnotes":""},"class_list":["post-2181","page","type-page","status-publish","hentry"],"_links":{"self":[{"href":"https:\/\/penisolagas.it\/en\/wp-json\/wp\/v2\/pages\/2181","targetHints":{"allow":["GET"]}}],"collection":[{"href":"https:\/\/penisolagas.it\/en\/wp-json\/wp\/v2\/pages"}],"about":[{"href":"https:\/\/penisolagas.it\/en\/wp-json\/wp\/v2\/types\/page"}],"author":[{"embeddable":true,"href":"https:\/\/penisolagas.it\/en\/wp-json\/wp\/v2\/users\/1"}],"replies":[{"embeddable":true,"href":"https:\/\/penisolagas.it\/en\/wp-json\/wp\/v2\/comments?post=2181"}],"version-history":[{"count":7,"href":"https:\/\/penisolagas.it\/en\/wp-json\/wp\/v2\/pages\/2181\/revisions"}],"predecessor-version":[{"id":2265,"href":"https:\/\/penisolagas.it\/en\/wp-json\/wp\/v2\/pages\/2181\/revisions\/2265"}],"wp:attachment":[{"href":"https:\/\/penisolagas.it\/en\/wp-json\/wp\/v2\/media?parent=2181"}],"curies":[{"name":"wp","href":"https:\/\/api.w.org\/{rel}","templated":true}]}}